{"id":11945,"date":"2025-01-13T08:46:35","date_gmt":"2025-01-13T08:46:35","guid":{"rendered":"https:\/\/generaator24.ee\/?page_id=11945"},"modified":"2025-01-13T08:49:31","modified_gmt":"2025-01-13T08:49:31","slug":"muugigarantii","status":"publish","type":"page","link":"https:\/\/generaator24.ee\/?page_id=11945","title":{"rendered":"M\u00fc\u00fcgigarantii"},"content":{"rendered":"\n<h1 class=\"wp-block-heading\">M\u00fc\u00fcgigarantii<\/h1>\n\n\n\n<div style=\"height:56px\" aria-hidden=\"true\" class=\"wp-block-spacer\"><\/div>\n\n\n\n<p>1. M\u00fc\u00fcgigarantii andja (Generaator24 O\u00dc, 16367085) annab kaubale m\u00fc\u00fcgigarantii vastavalt k\u00e4esolevatele tingimustele.<\/p>\n\n\n\n<p>2. Tarbijaks k\u00e4esolevate tingimuste t\u00e4henduses on f\u00fc\u00fcsiline isik juhul, kui kauba ost ei seondu tema iseseisva majandus v\u00f5i kutsetegevuse l\u00e4biviimisega.<\/p>\n\n\n\n<p>3. Kui m\u00fc\u00fcgigarantii t\u00e4htaja jooksul ilmneb kaubal materjali, konstruktsiooni v\u00f5i koostamisviga, korraldab m\u00fc\u00fcgigarantii andja kauba tasuta parandamise.<\/p>\n\n\n\n<p>4. Kui kauba parandamine ei \u00f5nnestu v\u00f5i ei ole m\u00fc\u00fcgigarantii andja arvates majanduslikult otstarbekas, siis m\u00fc\u00fcgigarantii andja asendab tasuta kauba.<\/p>\n\n\n\n<p>5. Kui Kauba parandamine ei \u00f5nnestu v\u00f5i ei ole m\u00fc\u00fcgigarantii andja arvates majanduslikult otstarbekas, kuid kauba asendamine on v\u00f5imatu (eelk\u00f5ige juhul, kui sama kaupa enam ei toodeta), siis tagastab m\u00fc\u00fcgigarantii andja Kauba eest makstud raha.<\/p>\n\n\n\n<p>6. M\u00fc\u00fcgigarantii ei kehti, kui:<br>  6.1. Kauba seerianumber ei ole tuvastatav\u037e<br>  6.2. Kauba viga on tingitud v\u00e4\u00e4rkasutusest\u037e<br>  6.3. Kauba viga on tingitud loomulikust kulumisest\u037e<br>  6.4. Kauba viga on tingitud ebaharilikust v\u00e4liskeskkonna m\u00f5just (\u00fclem\u00e4\u00e4rane niiskus, kuumus vms m\u00f5ju)\u037e<br>  6.5. Kauba viga on tingitud \u00f5nnetusjuhtumist (nt kukkumine)\u037e<br>  6.6. Kauba viga on tingitud kauba kasutujuhendis vm kaubaga kaasas olevas dokumendis toodud juhiste j\u00e4rgimata j\u00e4tmisest\u037e<br>  6.7. Ostja ei ole p\u00f6\u00f6rdunud t\u00e4htaegselt Kauba perioodilise hoolduse teostamiseks m\u00fc\u00fcgigarantii andja poole.<\/p>\n\n\n\n<p>7. M\u00fc\u00fcgigarantii l\u00f5peb:<br>  7.1. M\u00fc\u00fcgigarantii t\u00e4htaja m\u00f6\u00f6dumisel\u037e<br>  7.2. Kauba seerianumbri eemaldamisel v\u00f5i rikkumisel\u037e<br>  7.3. Kauba parandamisel v\u00f5i parandamise \u00fcritamisel muu isiku poolt kui m\u00fc\u00fcgigarantii andja.<\/p>\n\n\n\n<p>8. Kui m\u00fc\u00fcgigarantii t\u00e4htaja jooksul ilmneb kaubal materjali, konstruktsiooni v\u00f5i koostamisviga, peab Ostja sellest koheselt teavitama m\u00fc\u00fcgigarantii andjat.<\/p>\n\n\n\n<p>9. M\u00fc\u00fcgigarantii andja esindusse p\u00f6\u00f6rdumisel peab Ostja \u00fcle andma parandamiseks kauba ja kirjeldama ilmnenud viga. M\u00fc\u00fcgigarantii andja esinduse n\u00f5udel peab Ostja esitama kauba ostmise aega t\u00f5endava dokumendi (nt arve v\u00f5i k\u00e4esoleva tingimused).<\/p>\n\n\n\n<p>10. M\u00fc\u00fcgigarantii andja parandab kauba tasuta m\u00f5istliku t\u00e4htaja jooksul, mis ei ole pikem kui 30 p\u00e4eva. M\u00fc\u00fcgigarantii andja informeerib Ostjat sellest, et kaup on parandatud, telefoni v\u00f5i e-posti teel. Peale parandamist saab Ostja kauba k\u00e4tte samast esindusest, kuhu ta selle parandamiseks \u00fcle andis.<\/p>\n\n\n\n<p>11. Kui Kauba parandamine ei \u00f5nnestu v\u00f5i ei ole m\u00fc\u00fcgigarantii andja arvates majanduslikult otstarbekas, siis informeerib m\u00fc\u00fcgigarantii andja sellest Ostjat telefoni v\u00f5i e-posti teel, teatades ka p\u00e4eva, millal on varasemalt v\u00f5imalik Ostjal k\u00e4tte saada asendatud kaup. Ostja saab asendatud kauba k\u00e4tte samast esindusest, kuhu ta algse kauba parandamiseks \u00fcle andis.<\/p>\n\n\n\n<p>12. Kui kauba parandamine ei \u00f5nnestu v\u00f5i ei ole m\u00fc\u00fcgigarantii andja arvates majanduslikult otstarbekas, kuid kauba asendamine on v\u00f5imatu ja m\u00fc\u00fcgigarantii andja on otsustanud tagastada kauba eest makstud raha, siis informeerib m\u00fc\u00fcgigarantii andja sellest Ostjat telefoni v\u00f5i e-posti teel. Ostja on sellisel juhul kohustatud teatama oma arvelduskonto numbri, kuhu m\u00fc\u00fcgigarantii andja saaks tagastada kauba eest makstud raha. M\u00fc\u00fcgigarantii andja tagastab raha 14 p\u00e4eva jooksul arvates Ostjalt arvelduskonto numbri saamisest. Raha tagastamine kolmanda isiku arvelduskontole on v\u00f5imalik \u00fcksnes Ostja kirjaliku avalduse alusel.<\/p>\n\n\n\n<p>13. M\u00fc\u00fcgigarantii andja ei h\u00fcvita Ostjale kauba transpordikulusid ega kahju, mis tekib Ostjal seoses kauba kasutamise v\u00f5imatusega selle rikkisoleku ja parandamise aja jooksul. Mitte \u00fchelgi juhul ei h\u00fcvita m\u00fc\u00fcgigarantii andja Ostjale saamata j\u00e4\u00e4nud tulu.<\/p>\n\n\n\n<p>14. M\u00fc\u00fcgigarantii t\u00e4htaeg pikeneb ajavahemiku v\u00f5rra, millal kaup oli paranduses. Nimetatud ajavahemik algab Ostja poolt kauba parandamiseks \u00fcleandmise p\u00e4evast ja l\u00f5peb p\u00e4eval, millal m\u00fc\u00fcgigarantii andja informeerib Ostjat sellest, et kaup on parandatud.<\/p>\n\n\n\n<p>15. Kui m\u00fc\u00fcgigarantii andja asendab tasuta kauba, siis ei alga asendatud kauba suhtes m\u00fc\u00fcgigarantii t\u00e4htaja kulgemine uuesti. Algne m\u00fc\u00fcgigarantii pikeneb sellisel juhul ajavahemiku v\u00f5rra, millal algne kaup oli paranduses. Nimetatud ajavahemik algab Ostja poolt algse kauba parandamiseks \u00fcleandmise p\u00e4evast ja l\u00f5peb p\u00e4eval, mil m\u00fc\u00fcgigarantii andja informeerib Ostjat sellest, et asendatud kaup on v\u00f5imalik k\u00e4tte saada.<\/p>\n\n\n\n<p>16. Lisaks m\u00fc\u00fcgigarantiist tulenevatele \u00f5igustele on tarbijast Ostjal ka muud seadusest tulenevad \u00f5igused.<\/p>\n","protected":false},"excerpt":{"rendered":"<p>M\u00fc\u00fcgigarantii 1. M\u00fc\u00fcgigarantii andja (Generaator24 O\u00dc, 16367085) annab kaubale m\u00fc\u00fcgigarantii vastavalt k\u00e4esolevatele tingimustele. 2. Tarbijaks k\u00e4esolevate tingimuste t\u00e4henduses on f\u00fc\u00fcsiline isik juhul, kui kauba ost ei seondu tema iseseisva majandus v\u00f5i kutsetegevuse l\u00e4biviimisega. 3. Kui m\u00fc\u00fcgigarantii t\u00e4htaja jooksul ilmneb kaubal materjali, konstruktsiooni v\u00f5i koostamisviga, korraldab m\u00fc\u00fcgigarantii andja kauba tasuta parandamise. 4. Kui kauba parandamine ei [&hellip;]<\/p>\n","protected":false},"author":3,"featured_media":0,"parent":0,"menu_order":0,"comment_status":"closed","ping_status":"closed","template":"","meta":{"footnotes":""},"class_list":["post-11945","page","type-page","status-publish","hentry","no-post-thumbnail"],"_links":{"self":[{"href":"https:\/\/generaator24.ee\/index.php?rest_route=\/wp\/v2\/pages\/11945"}],"collection":[{"href":"https:\/\/generaator24.ee\/index.php?rest_route=\/wp\/v2\/pages"}],"about":[{"href":"https:\/\/generaator24.ee\/index.php?rest_route=\/wp\/v2\/types\/page"}],"author":[{"embeddable":true,"href":"https:\/\/generaator24.ee\/index.php?rest_route=\/wp\/v2\/users\/3"}],"replies":[{"embeddable":true,"href":"https:\/\/generaator24.ee\/index.php?rest_route=%2Fwp%2Fv2%2Fcomments&post=11945"}],"version-history":[{"count":4,"href":"https:\/\/generaator24.ee\/index.php?rest_route=\/wp\/v2\/pages\/11945\/revisions"}],"predecessor-version":[{"id":11950,"href":"https:\/\/generaator24.ee\/index.php?rest_route=\/wp\/v2\/pages\/11945\/revisions\/11950"}],"wp:attachment":[{"href":"https:\/\/generaator24.ee\/index.php?rest_route=%2Fwp%2Fv2%2Fmedia&parent=11945"}],"curies":[{"name":"wp","href":"https:\/\/api.w.org\/{rel}","templated":true}]}}